{"id":14,"date":"2026-03-16T20:37:36","date_gmt":"2026-03-16T20:37:36","guid":{"rendered":"https:\/\/robinbetgiris.com\/?page_id=14"},"modified":"2026-03-16T20:37:36","modified_gmt":"2026-03-16T20:37:36","slug":"guncel-giris","status":"publish","type":"page","link":"https:\/\/robinbetgiris.com\/?page_id=14","title":{"rendered":"G\u00dcNCEL G\u0130R\u0130\u015e"},"content":{"rendered":"\n<p>Giri\u015f g\u00fcn cel.<\/p>\n","protected":false},"excerpt":{"rendered":"<div class=\"mh-excerpt\">Giri\u015f g\u00fcn cel.<\/div>\n","protected":false},"author":1,"featured_media":0,"parent":0,"menu_order":0,"comment_status":"closed","ping_status":"closed","template":"","meta":{"footnotes":""},"class_list":["post-14","page","type-page","status-publish"],"_links":{"self":[{"href":"https:\/\/robinbetgiris.com\/index.php?rest_route=\/wp\/v2\/pages\/14","targetHints":{"allow":["GET"]}}],"collection":[{"href":"https:\/\/robinbetgiris.com\/index.php?rest_route=\/wp\/v2\/pages"}],"about":[{"href":"https:\/\/robinbetgiris.com\/index.php?rest_route=\/wp\/v2\/types\/page"}],"author":[{"embeddable":true,"href":"https:\/\/robinbetgiris.com\/index.php?rest_route=\/wp\/v2\/users\/1"}],"replies":[{"embeddable":true,"href":"https:\/\/robinbetgiris.com\/index.php?rest_route=%2Fwp%2Fv2%2Fcomments&post=14"}],"version-history":[{"count":1,"href":"https:\/\/robinbetgiris.com\/index.php?rest_route=\/wp\/v2\/pages\/14\/revisions"}],"predecessor-version":[{"id":15,"href":"https:\/\/robinbetgiris.com\/index.php?rest_route=\/wp\/v2\/pages\/14\/revisions\/15"}],"wp:attachment":[{"href":"https:\/\/robinbetgiris.com\/index.php?rest_route=%2Fwp%2Fv2%2Fmedia&parent=14"}],"curies":[{"name":"wp","href":"https:\/\/api.w.org\/{rel}","templated":true}]}}